{"id":7,"date":"2025-05-02T08:15:18","date_gmt":"2025-05-02T08:15:18","guid":{"rendered":"https:\/\/rusty-wings.com\/nl\/privacy\/"},"modified":"2025-06-01T15:12:36","modified_gmt":"2025-06-01T15:12:36","slug":"privacy","status":"publish","type":"page","link":"https:\/\/rusty-wings.com\/nl\/privacy\/","title":{"rendered":"Private Counseling"},"content":{"rendered":"\n<div class=\"wp-block-group alignfull hostinger-ai-about-us-3 hostinger-ai-fade-up has-global-padding is-layout-constrained wp-container-core-group-is-layout-4383d167 wp-block-group-is-layout-constrained\" data-aos=\"fade-up\">\n<div class=\"wp-block-group alignwide hostinger-ai-fade-up is-layout-grid wp-container-core-group-is-layout-422a8eaf wp-block-group-is-layout-grid\" data-aos=\"fade-up\" style=\"padding-top:var(--wp--preset--spacing--60);padding-right:0;padding-bottom:var(--wp--preset--spacing--60);padding-left:0\">\n<div class=\"wp-block-group hostinger-ai-fade-up wp-container-content-5e2576f9 is-vertical is-content-justification-left is-nowrap is-layout-flex wp-container-core-group-is-layout-f26a4d82 wp-block-group-is-layout-flex\" data-aos=\"fade-up\" style=\"padding-right:var(--wp--preset--spacing--60);padding-left:0\">\n<h2 class=\"wp-block-heading hostinger-ai-title has-dark-color has-text-color has-link-color has-x-large-font-size wp-elements-8fd38c6ea305cf579d8af16249344dee\" style=\"margin-top:0;margin-right:0;margin-bottom:0;margin-left:0;padding-bottom:var(--wp--preset--spacing--20)\">Priv\u00e9 begeleiding<\/h2>\n\n\n\n<p class=\"hostinger-ai-description has-dark-color has-text-color has-link-color has-medium-font-size wp-elements-e72676fdc0dcec72e4cbf50e1302ac7b\" style=\"margin-top:0;margin-bottom:var(--wp--preset--spacing--50)\">Bij Rusty Wings bieden we discrete online counselingssessies aan, zodat u priv\u00e9 en vanuit uw eigen huis contact kunt leggen met professionals.<\/p>\n\n\n\n<div class=\"wp-block-buttons is-layout-flex wp-block-buttons-is-layout-flex\">\n<div class=\"wp-block-button\"><a class=\"wp-block-button__link wp-element-button\" href=\"https:\/\/rusty-wings.com\/nl\/contact\/\">Boek een consult<\/a><\/div>\n<\/div>\n<\/div>\n\n\n\n<div class=\"wp-block-group hostinger-ai-fade-up is-layout-grid wp-container-core-group-is-layout-478b6e6b wp-block-group-is-layout-grid\" data-aos=\"fade-up\">\n<figure class=\"wp-block-image size-full has-custom-border hostinger-ai-image hostinger-index-4 wp-container-content-69bc4bdf\"><img decoding=\"async\" src=\"https:\/\/images.unsplash.com\/photo-1587881784034-39b589bf76aa?q=85&amp;w=273&amp;h=462&amp;fit=crop\" alt=\"\" class=\"wp-image-478\" style=\"border-radius:8px\"\/><\/figure>\n\n\n\n<figure class=\"wp-block-image size-full has-custom-border hostinger-ai-image hostinger-index-5\"><img decoding=\"async\" src=\"https:\/\/images.unsplash.com\/photo-1577896851231-70ef18881754?q=85&amp;w=273&amp;h=462&amp;fit=crop\" alt=\"\" class=\"wp-image-479\" style=\"border-radius:8px\"\/><\/figure>\n<\/div>\n<\/div>\n\n\n\n<h2 class=\"wp-block-heading\">Priv\u00e9therapie van een online therapeut: een moderne weg naar mentaal welzijn<\/h2>\n\n\n\n<p>In de snelle, digitaal verbonden wereld van vandaag is de toegang tot geestelijke gezondheidszorg drastisch veranderd. Een van de meest opvallende veranderingen is de opkomst van priv\u00e9therapie van online therapeuten \u2013 een oplossing die de vertrouwelijkheid van traditionele therapie combineert met het gemak en de toegankelijkheid van moderne technologie.<\/p>\n\n\n\n<h2 class=\"wp-block-heading\">Wat is online therapie?<\/h2>\n\n\n\n<p>Online therapie, ook wel teletherapie of e-counseling genoemd, omvat het bieden van psychologische ondersteuning en behandeling via digitale platforms. Dit kan plaatsvinden via videogesprekken, telefoonsessies, chat of zelfs e-mail. Online therapeuten zijn erkende professionals die diensten aanbieden die vergelijkbaar zijn met persoonlijke therapie, waaronder behandeling voor angst, depressie, stress, relatieproblemen, trauma en meer.<\/p>\n\n\n\n<h2 class=\"wp-block-heading\">De voordelen van priv\u00e9therapie online<\/h2>\n\n\n\n<p><strong>Toegankelijkheid:<\/strong><br>Mensen in afgelegen of achtergestelde gebieden kunnen professionele hulp krijgen zonder te hoeven reizen. Het helpt ook mensen met een lichamelijke beperking of sociale angst die moeite kunnen hebben om naar een afspraak te komen.<\/p>\n\n\n\n<p><strong>Privacy en comfort:<\/strong><br>Online therapie biedt een hoge mate van privacy. Cli\u00ebnten kunnen sessies bijwonen vanuit het comfort van hun huis, wat de angst voor een bezoek aan de praktijk van een therapeut kan verminderen. Veel mensen vinden het gemakkelijker om zich emotioneel open te stellen in een vertrouwde omgeving.<\/p>\n\n\n\n<p><strong>Flexibele planning:<\/strong><br>Digitale therapieplatforms maken flexibelere afspraaktijden mogelijk, inclusief avonden en weekenden. Deze flexibiliteit is vooral gunstig voor mensen die werk, school of zorgtaken combineren.<\/p>\n\n\n\n<p><strong>Betaalbaarheid:<\/strong><br>Veel online therapieplatforms bieden lagere tarieven dan traditionele persoonlijke counseling. Sommige accepteren verzekeringen of bieden een glijdende schaal aan, waardoor geestelijke gezondheidszorg betaalbaarder is.<\/p>\n\n\n\n<p><strong>Consistentie en continu\u00efteit:<\/strong><br>Of u nu op reis bent, verhuist of te maken krijgt met andere veranderingen in uw leven, online therapie stelt u in staat om consistente ondersteuning te behouden met de therapeut van uw keuze.<\/p>\n\n\n\n<h2 class=\"wp-block-heading\">Kwaliteit en vertrouwelijkheid behouden<\/h2>\n\n\n\n<p>Geredane online therapieaanbieders voldoen aan professionele normen en wetgeving inzake gegevensbescherming (zoals HIPAA in de VS) om de vertrouwelijkheid van cli\u00ebnten te waarborgen. Beveiligde, gecodeerde communicatieplatforms worden gebruikt om ervoor te zorgen dat priv\u00e9therapiesessies vertrouwelijk en beschermd blijven.<\/p>\n\n\n\n<p>Therapeuten die online diensten aanbieden, moeten een licentie hebben en getraind zijn in telezorgpraktijken. Bij het kiezen van een online therapeut is het belangrijk om hun kwalificaties te controleren en ervoor te zorgen dat ze een licentie hebben om in uw staat of land te praktiseren.<\/p>\n\n\n\n<h3 class=\"wp-block-heading\">Is online therapie iets voor jou?<\/h3>\n\n\n\n<p>Online counseling kan zeer effectief zijn bij een breed scala aan emotionele en psychologische problemen. Het is echter mogelijk niet geschikt voor mensen in crisis of voor mensen die intensievere, persoonlijke interventie nodig hebben. In dergelijke gevallen kunnen hybride modellen of traditionele therapie worden aanbevolen.<\/p>\n\n\n\n<h2 class=\"wp-block-heading\">Conclusie<\/h2>\n\n\n\n<p>Priv\u00e9therapie van een online therapeut is een krachtige, flexibele en discrete optie voor mensen die in het digitale tijdperk geestelijke gezondheidszorg zoeken. Het doorbreekt veel van de traditionele barri\u00e8res voor zorg en opent de deur voor meer mensen om prioriteit te geven aan hun emotionele welzijn. Als je therapie overweegt, kan het verkennen van online opties de eerste stap zijn naar genezing en groei \u2013 op jouw voorwaarden en in jouw eigen ruimte.<\/p>\n\n\n\n<p><strong>Kun je me een lijst geven met de beste online therapieplatforms of tips geven over hoe je de juiste online therapeut kiest?<\/strong><\/p>\n<\/div>\n\n\n\n<div class=\"wp-block-group alignfull hostinger-ai-fade-up has-global-padding is-layout-constrained wp-block-group-is-layout-constrained\" data-aos=\"fade-up\">\n<div class=\"wp-block-group alignwide hostinger-ai-fade-up has-global-padding is-content-justification-left is-layout-constrained wp-container-core-group-is-layout-12dd3699 wp-block-group-is-layout-constrained\" data-aos=\"fade-up\">\n<h2 class=\"wp-block-heading is-style-default hostinger-ai-title has-dark-color has-text-color has-link-color has-x-large-font-size wp-elements-a2c4bf450a5a3a48c2185eb57a6b1e83\" style=\"margin-bottom:var(--wp--preset--spacing--50)\">Vertrouwelijke counselingdiensten<\/h2>\n\n\n\n<div class=\"wp-block-group alignwide hostinger-ai-fade-up is-layout-grid wp-container-core-group-is-layout-88c98fc8 wp-block-group-is-layout-grid\" data-aos=\"fade-up\">\n<div class=\"wp-block-group hostinger-ai-fade-up has-global-padding is-layout-constrained wp-container-core-group-is-layout-29a8626f wp-block-group-is-layout-constrained\" data-aos=\"fade-up\" style=\"padding-top:0;padding-right:var(--wp--preset--spacing--20);padding-bottom:0;padding-left:var(--wp--preset--spacing--20)\">\n<figure class=\"wp-block-image size-full has-custom-border hostinger-ai-service-image\"><img decoding=\"async\" src=\"https:\/\/images.unsplash.com\/photo-1690264459930-706e281162ed?q=85&amp;w=340&amp;h=340&amp;fit=crop\" alt=\"\" class=\"wp-image-160\" style=\"border-radius:8px\"\/><\/figure>\n\n\n\n<p class=\"hostinger-ai-service-description has-dark-color has-text-color has-link-color has-medium-font-size wp-elements-ea9cc6ba223862bbdad3cff0b780a311\" style=\"margin-top:var(--wp--preset--spacing--40)\">Ervaar discrete online counselingssessies vanuit het comfort en de privacy van uw eigen huis.<\/p>\n<\/div>\n\n\n\n<div class=\"wp-block-group hostinger-ai-fade-up has-global-padding is-layout-constrained wp-container-core-group-is-layout-c9115f92 wp-block-group-is-layout-constrained\" data-aos=\"fade-up\" style=\"padding-right:var(--wp--preset--spacing--20);padding-left:var(--wp--preset--spacing--20)\">\n<figure class=\"wp-block-image size-full has-custom-border hostinger-ai-service-image hostinger-index-1\"><img decoding=\"async\" src=\"https:\/\/images.unsplash.com\/photo-1596479559822-e55d545b1737?q=85&amp;w=340&amp;h=340&amp;fit=crop\" alt=\"\" class=\"wp-image-160\" style=\"border-radius:8px\"\/><\/figure>\n\n\n\n<p class=\"hostinger-ai-service-description hostinger-index-1 has-dark-color has-text-color has-link-color has-medium-font-size wp-elements-86604494106dc78328fd50e77e8f5a1a\" style=\"margin-top:var(--wp--preset--spacing--40)\">Kom persoonlijk in contact met professionals die uw vertrouwelijkheid en comfort vooropstellen.<\/p>\n<\/div>\n\n\n\n<div class=\"wp-block-group hostinger-ai-fade-up has-global-padding is-layout-constrained wp-container-core-group-is-layout-c9115f92 wp-block-group-is-layout-constrained\" data-aos=\"fade-up\" style=\"padding-right:var(--wp--preset--spacing--20);padding-left:var(--wp--preset--spacing--20)\">\n<figure class=\"wp-block-image size-full has-custom-border hostinger-ai-service-image hostinger-index-2\"><img decoding=\"async\" src=\"https:\/\/images.unsplash.com\/photo-1574966390692-5140d4310743?q=85&amp;w=340&amp;h=340&amp;fit=crop\" alt=\"\" class=\"wp-image-160\" style=\"border-radius:8px\"\/><\/figure>\n\n\n\n<p class=\"hostinger-ai-service-description hostinger-index-2 has-dark-color has-text-color has-link-color has-medium-font-size wp-elements-da10cd0a75ab02a7116d371a84b67e1b\" style=\"margin-top:var(--wp--preset--spacing--40)\">Vertrouw op onze toewijding om een \u200b\u200bveilige en priv\u00e9-adviesomgeving te bieden.<\/p>\n<\/div>\n<\/div>\n<\/div>\n<\/div>\n","protected":false},"excerpt":{"rendered":"<p>Priv\u00e9 begeleiding Bij Rusty Wings bieden we discrete online counselingssessies aan, zodat u priv\u00e9 en vanuit uw eigen huis contact kunt leggen met professionals. Priv\u00e9therapie van een online therapeut: een moderne weg naar mentaal welzijn In de snelle, digitaal verbonden wereld van vandaag is de toegang tot geestelijke gezondheidszorg drastisch veranderd. Een van de meest [&hellip;]<\/p>\n","protected":false},"author":1,"featured_media":0,"parent":0,"menu_order":0,"comment_status":"closed","ping_status":"closed","template":"","meta":{"footnotes":""},"class_list":["post-7","page","type-page","status-publish","hentry"],"_links":{"self":[{"href":"https:\/\/rusty-wings.com\/nl\/wp-json\/wp\/v2\/pages\/7","targetHints":{"allow":["GET"]}}],"collection":[{"href":"https:\/\/rusty-wings.com\/nl\/wp-json\/wp\/v2\/pages"}],"about":[{"href":"https:\/\/rusty-wings.com\/nl\/wp-json\/wp\/v2\/types\/page"}],"author":[{"embeddable":true,"href":"https:\/\/rusty-wings.com\/nl\/wp-json\/wp\/v2\/users\/1"}],"replies":[{"embeddable":true,"href":"https:\/\/rusty-wings.com\/nl\/wp-json\/wp\/v2\/comments?post=7"}],"version-history":[{"count":6,"href":"https:\/\/rusty-wings.com\/nl\/wp-json\/wp\/v2\/pages\/7\/revisions"}],"predecessor-version":[{"id":142,"href":"https:\/\/rusty-wings.com\/nl\/wp-json\/wp\/v2\/pages\/7\/revisions\/142"}],"wp:attachment":[{"href":"https:\/\/rusty-wings.com\/nl\/wp-json\/wp\/v2\/media?parent=7"}],"curies":[{"name":"wp","href":"https:\/\/api.w.org\/{rel}","templated":true}]}}